{"id":3701,"date":"2020-02-12T13:11:38","date_gmt":"2020-02-12T12:11:38","guid":{"rendered":"https:\/\/jsengc.com\/contact\/"},"modified":"2024-09-05T14:06:46","modified_gmt":"2024-09-05T12:06:46","slug":"contact","status":"publish","type":"page","link":"https:\/\/jsengc.com\/en\/contact\/","title":{"rendered":"Contact"},"content":{"rendered":"<section class=\"wpb-content-wrapper\"><p>[vc_row full_width=&#8221;stretch_row_content_no_spaces&#8221; equal_height=&#8221;yes&#8221; content_placement=&#8221;middle&#8221;][vc_column el_class=&#8221;stretch-fill&#8221; css=&#8221;.vc_custom_1620369361855{background-color: #f7f7f7 !important;}&#8221; offset=&#8221;vc_col-lg-6 vc_col-md-6 vc_col-xs-12&#8243;][vc_column_text css_animation=&#8221;fadeIn&#8221;]<\/p>\n<h2 style=\"text-align: center;\">Write us, and we will get back to you as soon as possible<\/h2>\n<p style=\"text-align: center;\"><strong>JS Engineering ApS<\/strong><br \/>\nKochsgade 31D, 5000 Odense C, Denmark<\/p>\n<p style=\"text-align: center;\"><a href=\"tel:31322165\">(+45) 31 32 21 65<\/a><br \/>\n<a href=\"mailto:info@jsengc.com\">info@jsengc.com<\/a><\/p>\n<p style=\"text-align: center;\">CVR nr.: 43359398<\/p>\n<p>[\/vc_column_text][\/vc_column][vc_column el_class=&#8221;stretch&#8221; offset=&#8221;vc_col-lg-6 vc_col-md-6 vc_col-xs-12&#8243;][vc_column_text]<\/p>\n<h3>Contact us<\/h3>\n<p>[\/vc_column_text][vc_empty_space height=&#8221;15px&#8221;][vc_raw_html]JTVCZm9ybWluYXRvcl9mb3JtJTIwaWQlM0QlMjIzOTEzJTIyJTVE[\/vc_raw_html][\/vc_column][\/vc_row][vc_row full_width=&#8221;stretch_row_content_no_spaces&#8221;][vc_column width=&#8221;1\/2&#8243;][vc_gmaps link=&#8221;#E-8_JTNDaWZyYW1lJTIwc3JjJTNEJTIyaHR0cHMlM0ElMkYlMkZ3d3cuZ29vZ2xlLmNvbSUyRm1hcHMlMkZlbWJlZCUzRnBiJTNEJTIxMW0xOCUyMTFtMTIlMjExbTMlMjExZDM2MjQ2LjUzNDkzMzEzMTIyNSUyMTJkMTAuMzYyODMyMzEzNTUwNjElMjEzZDU1LjQwMzIyNjQ4MDM2NTQ1NCUyMTJtMyUyMTFmMCUyMTJmMCUyMTNmMCUyMTNtMiUyMTFpMTAyNCUyMTJpNzY4JTIxNGYxMy4xJTIxM20zJTIxMW0yJTIxMXMweDQ2NGQyMDAxYjgwMzliMzclMjUzQTB4NWIzNDliMmU1MjU1ZWZkZiUyMTJzS29jaHNnYWRlJTI1MjAzMUQlMjUyQyUyNTIwNTAwMCUyNTIwT2RlbnNlJTIxNWUwJTIxM20yJTIxMXNkYSUyMTJzZGslMjE0djE2NjAyMDE0ODIxMzIlMjE1bTIlMjExc2RhJTIxMnNkayUyMiUyMHdpZHRoJTNEJTIyNjAwJTIyJTIwaGVpZ2h0JTNEJTIyNDUwJTIyJTIwc3R5bGUlM0QlMjJib3JkZXIlM0EwJTNCJTIyJTIwYWxsb3dmdWxsc2NyZWVuJTNEJTIyJTIyJTIwbG9hZGluZyUzRCUyMmxhenklMjIlMjByZWZlcnJlcnBvbGljeSUzRCUyMm5vLXJlZmVycmVyLXdoZW4tZG93bmdyYWRlJTIyJTNFJTNDJTJGaWZyYW1lJTNF&#8221; size=&#8221;400px&#8221; css=&#8221;.vc_custom_1660208360708{margin-bottom: 0px !important;}&#8221; el_class=&#8221;grayscale&#8221;][\/vc_column][vc_column width=&#8221;1\/2&#8243;][vc_gmaps link=&#8221;#E-8_JTNDaWZyYW1lJTIwc3JjJTNEJTIyaHR0cHMlM0ElMkYlMkZ3d3cuZ29vZ2xlLmNvbSUyRm1hcHMlMkZlbWJlZCUzRnBiJTNEJTIxMW0xOCUyMTFtMTIlMjExbTMlMjExZDE4MDAxLjQ3NTQ3NDE1NzkzJTIxMmQxMi41OTU0ODAwMTk3OTk3NjclMjEzZDU1LjY2ODM5Mjg4OTM0MTA3JTIxMm0zJTIxMWYwJTIxMmYwJTIxM2YwJTIxM20yJTIxMWkxMDI0JTIxMmk3NjglMjE0ZjEzLjElMjEzbTMlMjExbTIlMjExczB4NDY1MjUzMzUwZmY4YjFkMSUyNTNBMHhjNzM1MTA0OWIxZTI1ODdhJTIxMnNTaWxqYW5nYWRlJTI1MjA0JTI1MkMlMjUyMDIzMDAlMjUyMEslMjVDMyUyNUI4YmVuaGF2biUyMTVlMCUyMTNtMiUyMTFzZGElMjEyc2RrJTIxNHYxNjcwNDA4NjMwNDk2JTIxNW0yJTIxMXNkYSUyMTJzZGslMjIlMjB3aWR0aCUzRCUyMjYwMCUyMiUyMGhlaWdodCUzRCUyMjQ1MCUyMiUyMHN0eWxlJTNEJTIyYm9yZGVyJTNBMCUzQiUyMiUyMGFsbG93ZnVsbHNjcmVlbiUzRCUyMiUyMiUyMGxvYWRpbmclM0QlMjJsYXp5JTIyJTIwcmVmZXJyZXJwb2xpY3klM0QlMjJuby1yZWZlcnJlci13aGVuLWRvd25ncmFkZSUyMiUzRSUzQyUyRmlmcmFtZSUzRQ==&#8221; size=&#8221;400px&#8221; el_class=&#8221;grayscale&#8221;][\/vc_column][\/vc_row]<\/p>\n<\/section>","protected":false},"excerpt":{"rendered":"<p>Do you have any question or comments for us?<\/p>\n","protected":false},"author":1,"featured_media":0,"parent":0,"menu_order":0,"comment_status":"closed","ping_status":"closed","template":"","meta":{"footnotes":""},"categories":[],"class_list":["post-3701","page","type-page","status-publish"],"acf":[],"yoast_head":"<!-- This site is optimized with the Yoast SEO plugin v20.10 - https:\/\/yoast.com\/wordpress\/plugins\/seo\/ -->\n<title>Contact &middot; JS Engineering ApS<\/title>\n<meta name=\"robots\" content=\"index, follow, max-snippet:-1, max-image-preview:large, max-video-preview:-1\" \/>\n<link rel=\"canonical\" href=\"https:\/\/jsengc.com\/en\/contact\/\" \/>\n<meta property=\"og:locale\" content=\"en_US\" \/>\n<meta property=\"og:type\" content=\"article\" \/>\n<meta property=\"og:title\" content=\"Contact &middot; JS Engineering ApS\" \/>\n<meta property=\"og:description\" content=\"Do you have any question or comments for us?\" \/>\n<meta property=\"og:url\" content=\"https:\/\/jsengc.com\/en\/contact\/\" \/>\n<meta property=\"og:site_name\" content=\"JS Engineering ApS\" \/>\n<meta property=\"article:modified_time\" content=\"2024-09-05T12:06:46+00:00\" \/>\n<meta name=\"twitter:card\" content=\"summary_large_image\" \/>\n<meta name=\"twitter:label1\" content=\"Est. reading time\" \/>\n\t<meta name=\"twitter:data1\" content=\"1 minute\" \/>\n<script type=\"application\/ld+json\" class=\"yoast-schema-graph\">{\"@context\":\"https:\/\/schema.org\",\"@graph\":[{\"@type\":\"WebPage\",\"@id\":\"https:\/\/jsengc.com\/en\/contact\/\",\"url\":\"https:\/\/jsengc.com\/en\/contact\/\",\"name\":\"Contact &middot; JS Engineering ApS\",\"isPartOf\":{\"@id\":\"https:\/\/jsengc.com\/#website\"},\"datePublished\":\"2020-02-12T12:11:38+00:00\",\"dateModified\":\"2024-09-05T12:06:46+00:00\",\"breadcrumb\":{\"@id\":\"https:\/\/jsengc.com\/en\/contact\/#breadcrumb\"},\"inLanguage\":\"en-US\",\"potentialAction\":[{\"@type\":\"ReadAction\",\"target\":[\"https:\/\/jsengc.com\/en\/contact\/\"]}]},{\"@type\":\"BreadcrumbList\",\"@id\":\"https:\/\/jsengc.com\/en\/contact\/#breadcrumb\",\"itemListElement\":[{\"@type\":\"ListItem\",\"position\":1,\"name\":\"Hjem\",\"item\":\"https:\/\/jsengc.com\/en\/\"},{\"@type\":\"ListItem\",\"position\":2,\"name\":\"Contact\"}]},{\"@type\":\"WebSite\",\"@id\":\"https:\/\/jsengc.com\/#website\",\"url\":\"https:\/\/jsengc.com\/\",\"name\":\"JS Engineering ApS\",\"description\":\"Bygger\u00e5dgivning, r\u00e5dgivende ingeni\u00f8rer og statiske beregninger\",\"publisher\":{\"@id\":\"https:\/\/jsengc.com\/#organization\"},\"potentialAction\":[{\"@type\":\"SearchAction\",\"target\":{\"@type\":\"EntryPoint\",\"urlTemplate\":\"https:\/\/jsengc.com\/?s={search_term_string}\"},\"query-input\":\"required name=search_term_string\"}],\"inLanguage\":\"en-US\"},{\"@type\":\"Organization\",\"@id\":\"https:\/\/jsengc.com\/#organization\",\"name\":\"JS Engineering ApS\",\"url\":\"https:\/\/jsengc.com\/\",\"logo\":{\"@type\":\"ImageObject\",\"inLanguage\":\"en-US\",\"@id\":\"https:\/\/jsengc.com\/#\/schema\/logo\/image\/\",\"url\":\"https:\/\/jsengc.com\/wp-content\/uploads\/2020\/11\/logo-fb-profil-bla-inverted-removebg-preview.png\",\"contentUrl\":\"https:\/\/jsengc.com\/wp-content\/uploads\/2020\/11\/logo-fb-profil-bla-inverted-removebg-preview.png\",\"width\":171,\"height\":171,\"caption\":\"JS Engineering ApS\"},\"image\":{\"@id\":\"https:\/\/jsengc.com\/#\/schema\/logo\/image\/\"}}]}<\/script>\n<!-- \/ Yoast SEO plugin. -->","yoast_head_json":{"title":"Contact &middot; JS Engineering ApS","robots":{"index":"index","follow":"follow","max-snippet":"max-snippet:-1","max-image-preview":"max-image-preview:large","max-video-preview":"max-video-preview:-1"},"canonical":"https:\/\/jsengc.com\/en\/contact\/","og_locale":"en_US","og_type":"article","og_title":"Contact &middot; JS Engineering ApS","og_description":"Do you have any question or comments for us?","og_url":"https:\/\/jsengc.com\/en\/contact\/","og_site_name":"JS Engineering ApS","article_modified_time":"2024-09-05T12:06:46+00:00","twitter_card":"summary_large_image","twitter_misc":{"Est. reading time":"1 minute"},"schema":{"@context":"https:\/\/schema.org","@graph":[{"@type":"WebPage","@id":"https:\/\/jsengc.com\/en\/contact\/","url":"https:\/\/jsengc.com\/en\/contact\/","name":"Contact &middot; JS Engineering ApS","isPartOf":{"@id":"https:\/\/jsengc.com\/#website"},"datePublished":"2020-02-12T12:11:38+00:00","dateModified":"2024-09-05T12:06:46+00:00","breadcrumb":{"@id":"https:\/\/jsengc.com\/en\/contact\/#breadcrumb"},"inLanguage":"en-US","potentialAction":[{"@type":"ReadAction","target":["https:\/\/jsengc.com\/en\/contact\/"]}]},{"@type":"BreadcrumbList","@id":"https:\/\/jsengc.com\/en\/contact\/#breadcrumb","itemListElement":[{"@type":"ListItem","position":1,"name":"Hjem","item":"https:\/\/jsengc.com\/en\/"},{"@type":"ListItem","position":2,"name":"Contact"}]},{"@type":"WebSite","@id":"https:\/\/jsengc.com\/#website","url":"https:\/\/jsengc.com\/","name":"JS Engineering ApS","description":"Bygger\u00e5dgivning, r\u00e5dgivende ingeni\u00f8rer og statiske beregninger","publisher":{"@id":"https:\/\/jsengc.com\/#organization"},"potentialAction":[{"@type":"SearchAction","target":{"@type":"EntryPoint","urlTemplate":"https:\/\/jsengc.com\/?s={search_term_string}"},"query-input":"required name=search_term_string"}],"inLanguage":"en-US"},{"@type":"Organization","@id":"https:\/\/jsengc.com\/#organization","name":"JS Engineering ApS","url":"https:\/\/jsengc.com\/","logo":{"@type":"ImageObject","inLanguage":"en-US","@id":"https:\/\/jsengc.com\/#\/schema\/logo\/image\/","url":"https:\/\/jsengc.com\/wp-content\/uploads\/2020\/11\/logo-fb-profil-bla-inverted-removebg-preview.png","contentUrl":"https:\/\/jsengc.com\/wp-content\/uploads\/2020\/11\/logo-fb-profil-bla-inverted-removebg-preview.png","width":171,"height":171,"caption":"JS Engineering ApS"},"image":{"@id":"https:\/\/jsengc.com\/#\/schema\/logo\/image\/"}}]}},"_links":{"self":[{"href":"https:\/\/jsengc.com\/en\/wp-json\/wp\/v2\/pages\/3701","targetHints":{"allow":["GET"]}}],"collection":[{"href":"https:\/\/jsengc.com\/en\/wp-json\/wp\/v2\/pages"}],"about":[{"href":"https:\/\/jsengc.com\/en\/wp-json\/wp\/v2\/types\/page"}],"author":[{"embeddable":true,"href":"https:\/\/jsengc.com\/en\/wp-json\/wp\/v2\/users\/1"}],"replies":[{"embeddable":true,"href":"https:\/\/jsengc.com\/en\/wp-json\/wp\/v2\/comments?post=3701"}],"version-history":[{"count":5,"href":"https:\/\/jsengc.com\/en\/wp-json\/wp\/v2\/pages\/3701\/revisions"}],"predecessor-version":[{"id":4117,"href":"https:\/\/jsengc.com\/en\/wp-json\/wp\/v2\/pages\/3701\/revisions\/4117"}],"wp:attachment":[{"href":"https:\/\/jsengc.com\/en\/wp-json\/wp\/v2\/media?parent=3701"}],"wp:term":[{"taxonomy":"category","embeddable":true,"href":"https:\/\/jsengc.com\/en\/wp-json\/wp\/v2\/categories?post=3701"}],"curies":[{"name":"wp","href":"https:\/\/api.w.org\/{rel}","templated":true}]}}