{"id":3707,"date":"2022-08-11T08:42:28","date_gmt":"2022-08-11T06:42:28","guid":{"rendered":"https:\/\/jsengc.com\/building-inspection\/"},"modified":"2022-10-18T13:45:16","modified_gmt":"2022-10-18T11:45:16","slug":"building-inspection","status":"publish","type":"page","link":"https:\/\/jsengc.com\/en\/building-inspection\/","title":{"rendered":"Building inspection"},"content":{"rendered":"<section class=\"wpb-content-wrapper\"><p>[vc_row full_width=&#8221;stretch_row&#8221;][vc_column]<div class=\"ult-spacer spacer-69ea4de2600a1\" data-id=\"69ea4de2600a1\" data-height=\"90\" data-height-mobile=\"60\" data-height-tab=\"90\" data-height-tab-portrait=\"60\" data-height-mobile-landscape=\"60\" style=\"clear:both;display:block;\"><\/div>[vc_column_text css_animation=&#8221;fadeIn&#8221;]<\/p>\n<h2 style=\"text-align: center;\">JS Engineering has solid experience when it comes to inspections of new construction projects.<\/h2>\n<p>[\/vc_column_text][vc_empty_space height=&#8221;60px&#8221;][vc_row_inner][vc_column_inner offset=&#8221;vc_col-lg-8 vc_col-md-8 vc_col-xs-12&#8243;][vc_column_text css_animation=&#8221;fadeIn&#8221;]Even though most construction companies have plenty of experience when it comes to building new private residents, it is often small craft businesses who handle work on site. As such, quality can differ.<\/p>\n<p>Our building surveyor guarantees you a safe and secure construction process where we ensure that construction is done according to civil engineering standards. Our building inspection consists of several random checks of the most important constructions and architectural elements during construction. Because of our vast experience, these inspections are made when risks of error affecting the construction is at its highest. Our counselling stretches throughout the entire construction process, from signing the contract to work reception<\/p>\n<p>After each inspection, our building surveyor makes an inspection-note that describes circumstances ascertained during inspection, which is supplemented with photos. Our building surveyor is happy to handle any dialogue with the contractor on site, and we also follow up on any points of attention on our next inspection. This way, we ensure that errors are corrected along the way.[\/vc_column_text]<div class=\"ult-spacer spacer-69ea4de2600ef\" data-id=\"69ea4de2600ef\" data-height=\"0\" data-height-mobile=\"30\" data-height-tab=\"0\" data-height-tab-portrait=\"30\" data-height-mobile-landscape=\"30\" style=\"clear:both;display:block;\"><\/div>[\/vc_column_inner][vc_column_inner offset=&#8221;vc_col-lg-4 vc_col-md-4 vc_col-xs-12&#8243;][vc_single_image image=&#8221;3448&#8243; img_size=&#8221;Full&#8221;][vc_empty_space height=&#8221;15px&#8221;][vc_media_grid element_width=&#8221;6&#8243; gap=&#8221;15&#8243; grid_id=&#8221;vc_gid:1661764678234-b8bd105f-9ab8-3&#8243; include=&#8221;3450,3451&#8243;][\/vc_column_inner][\/vc_row_inner]<div class=\"ult-spacer spacer-69ea4de26011c\" data-id=\"69ea4de26011c\" data-height=\"90\" data-height-mobile=\"60\" data-height-tab=\"90\" data-height-tab-portrait=\"60\" data-height-mobile-landscape=\"60\" style=\"clear:both;display:block;\"><\/div>[\/vc_column][\/vc_row][vc_row full_width=&#8221;stretch_row&#8221; css=&#8221;.vc_custom_1660209062821{background-color: #f9f9f9 !important;}&#8221;][vc_column]<div class=\"ult-spacer spacer-69ea4de26013b\" data-id=\"69ea4de26013b\" data-height=\"90\" data-height-mobile=\"60\" data-height-tab=\"90\" data-height-tab-portrait=\"60\" data-height-mobile-landscape=\"60\" style=\"clear:both;display:block;\"><\/div>[vc_row_inner equal_height=&#8221;yes&#8221; css=&#8221;.vc_custom_1610367712581{margin-right: 0px !important;margin-left: 0px !important;}&#8221;][vc_column_inner el_class=&#8221;small-stretch&#8221; css=&#8221;.vc_custom_1621160918422{background-color: #ffffff !important;}&#8221; offset=&#8221;vc_col-lg-6 vc_col-md-6 vc_col-xs-12&#8243;][vc_column_text css_animation=&#8221;fadeIn&#8221;]<\/p>\n<h3>Our building inspection usually comprehends:<\/h3>\n<ul>\n<li>Run-through of construction contract<\/li>\n<li>Inspection of foundation, specifically concerning casting foundations and reinforcement<\/li>\n<li>Terrain coverage inspection before floor-casting. This includes installation control<\/li>\n<li>Inspection of back-up masonry and roof constructions<\/li>\n<li>Masonry<\/li>\n<li>Inspection of roof work, vapour barriers and plastering<\/li>\n<li>Inspection of wet zones including securing wet room, fall control etc.<\/li>\n<li>Technical run-through before takeover to minimize errors and shortcomings<\/li>\n<li>Work reception<\/li>\n<\/ul>\n<p>[\/vc_column_text][\/vc_column_inner][vc_column_inner css=&#8221;.vc_custom_1660209354424{background-image: url(https:\/\/jsengc.com\/wp-content\/uploads\/2022\/08\/dji-0041-min.jpg?id=3449) !important;background-position: center !important;background-repeat: no-repeat !important;background-size: cover !important;}&#8221; offset=&#8221;vc_col-lg-6 vc_col-md-6 vc_col-xs-12&#8243;][vc_empty_space height=&#8221;300px&#8221;][\/vc_column_inner][\/vc_row_inner]<div class=\"ult-spacer spacer-69ea4de260157\" data-id=\"69ea4de260157\" data-height=\"90\" data-height-mobile=\"60\" data-height-tab=\"90\" data-height-tab-portrait=\"60\" data-height-mobile-landscape=\"60\" style=\"clear:both;display:block;\"><\/div>[\/vc_column][\/vc_row]<\/p>\n<\/section>","protected":false},"excerpt":{"rendered":"<p>[vc_row full_width=&#8221;stretch_row&#8221;][vc_column][vc_column_text css_animation=&#8221;fadeIn&#8221;] JS Engineering has solid experience when it comes to inspections of new construction projects. [\/vc_column_text][vc_empty_space height=&#8221;60px&#8221;][vc_row_inner][vc_column_inner offset=&#8221;vc_col-lg-8 vc_col-md-8 vc_col-xs-12&#8243;][vc_column_text css_animation=&#8221;fadeIn&#8221;]Even though most construction companies have plenty of experience when it comes to building new private residents, it is often small craft businesses who handle work on site. As such, quality can differ. &#8230; <a title=\"Building inspection\" class=\"read-more\" href=\"https:\/\/jsengc.com\/en\/building-inspection\/\" aria-label=\"More on Building inspection\">Read more<\/a><\/p>\n","protected":false},"author":1,"featured_media":0,"parent":0,"menu_order":2,"comment_status":"closed","ping_status":"closed","template":"","meta":{"footnotes":""},"categories":[26],"class_list":{"0":"post-3707","1":"page","2":"type-page","3":"status-publish","5":"category-services"},"acf":[],"yoast_head":"<!-- This site is optimized with the Yoast SEO plugin v20.10 - https:\/\/yoast.com\/wordpress\/plugins\/seo\/ -->\n<title>Building inspection &middot; JS Engineering ApS<\/title>\n<meta name=\"robots\" content=\"index, follow, max-snippet:-1, max-image-preview:large, max-video-preview:-1\" \/>\n<link rel=\"canonical\" href=\"https:\/\/jsengc.com\/en\/building-inspection\/\" \/>\n<meta property=\"og:locale\" content=\"en_US\" \/>\n<meta property=\"og:type\" content=\"article\" \/>\n<meta property=\"og:title\" content=\"Building inspection &middot; JS Engineering ApS\" \/>\n<meta property=\"og:description\" content=\"[vc_row full_width=&#8221;stretch_row&#8221;][vc_column][vc_column_text css_animation=&#8221;fadeIn&#8221;] JS Engineering has solid experience when it comes to inspections of new construction projects. [\/vc_column_text][vc_empty_space height=&#8221;60px&#8221;][vc_row_inner][vc_column_inner offset=&#8221;vc_col-lg-8 vc_col-md-8 vc_col-xs-12&#8243;][vc_column_text css_animation=&#8221;fadeIn&#8221;]Even though most construction companies have plenty of experience when it comes to building new private residents, it is often small craft businesses who handle work on site. As such, quality can differ. ... Read more\" \/>\n<meta property=\"og:url\" content=\"https:\/\/jsengc.com\/en\/building-inspection\/\" \/>\n<meta property=\"og:site_name\" content=\"JS Engineering ApS\" \/>\n<meta property=\"article:modified_time\" content=\"2022-10-18T11:45:16+00:00\" \/>\n<meta name=\"twitter:card\" content=\"summary_large_image\" \/>\n<meta name=\"twitter:label1\" content=\"Est. reading time\" \/>\n\t<meta name=\"twitter:data1\" content=\"3 minutes\" \/>\n<script type=\"application\/ld+json\" class=\"yoast-schema-graph\">{\"@context\":\"https:\/\/schema.org\",\"@graph\":[{\"@type\":\"WebPage\",\"@id\":\"https:\/\/jsengc.com\/en\/building-inspection\/\",\"url\":\"https:\/\/jsengc.com\/en\/building-inspection\/\",\"name\":\"Building inspection &middot; JS Engineering ApS\",\"isPartOf\":{\"@id\":\"https:\/\/jsengc.com\/#website\"},\"datePublished\":\"2022-08-11T06:42:28+00:00\",\"dateModified\":\"2022-10-18T11:45:16+00:00\",\"breadcrumb\":{\"@id\":\"https:\/\/jsengc.com\/en\/building-inspection\/#breadcrumb\"},\"inLanguage\":\"en-US\",\"potentialAction\":[{\"@type\":\"ReadAction\",\"target\":[\"https:\/\/jsengc.com\/en\/building-inspection\/\"]}]},{\"@type\":\"BreadcrumbList\",\"@id\":\"https:\/\/jsengc.com\/en\/building-inspection\/#breadcrumb\",\"itemListElement\":[{\"@type\":\"ListItem\",\"position\":1,\"name\":\"Hjem\",\"item\":\"https:\/\/jsengc.com\/en\/\"},{\"@type\":\"ListItem\",\"position\":2,\"name\":\"Building inspection\"}]},{\"@type\":\"WebSite\",\"@id\":\"https:\/\/jsengc.com\/#website\",\"url\":\"https:\/\/jsengc.com\/\",\"name\":\"JS Engineering ApS\",\"description\":\"Bygger\u00e5dgivning, r\u00e5dgivende ingeni\u00f8rer og statiske beregninger\",\"publisher\":{\"@id\":\"https:\/\/jsengc.com\/#organization\"},\"potentialAction\":[{\"@type\":\"SearchAction\",\"target\":{\"@type\":\"EntryPoint\",\"urlTemplate\":\"https:\/\/jsengc.com\/?s={search_term_string}\"},\"query-input\":\"required name=search_term_string\"}],\"inLanguage\":\"en-US\"},{\"@type\":\"Organization\",\"@id\":\"https:\/\/jsengc.com\/#organization\",\"name\":\"JS Engineering ApS\",\"url\":\"https:\/\/jsengc.com\/\",\"logo\":{\"@type\":\"ImageObject\",\"inLanguage\":\"en-US\",\"@id\":\"https:\/\/jsengc.com\/#\/schema\/logo\/image\/\",\"url\":\"https:\/\/jsengc.com\/wp-content\/uploads\/2020\/11\/logo-fb-profil-bla-inverted-removebg-preview.png\",\"contentUrl\":\"https:\/\/jsengc.com\/wp-content\/uploads\/2020\/11\/logo-fb-profil-bla-inverted-removebg-preview.png\",\"width\":171,\"height\":171,\"caption\":\"JS Engineering ApS\"},\"image\":{\"@id\":\"https:\/\/jsengc.com\/#\/schema\/logo\/image\/\"}}]}<\/script>\n<!-- \/ Yoast SEO plugin. -->","yoast_head_json":{"title":"Building inspection &middot; JS Engineering ApS","robots":{"index":"index","follow":"follow","max-snippet":"max-snippet:-1","max-image-preview":"max-image-preview:large","max-video-preview":"max-video-preview:-1"},"canonical":"https:\/\/jsengc.com\/en\/building-inspection\/","og_locale":"en_US","og_type":"article","og_title":"Building inspection &middot; JS Engineering ApS","og_description":"[vc_row full_width=&#8221;stretch_row&#8221;][vc_column][vc_column_text css_animation=&#8221;fadeIn&#8221;] JS Engineering has solid experience when it comes to inspections of new construction projects. [\/vc_column_text][vc_empty_space height=&#8221;60px&#8221;][vc_row_inner][vc_column_inner offset=&#8221;vc_col-lg-8 vc_col-md-8 vc_col-xs-12&#8243;][vc_column_text css_animation=&#8221;fadeIn&#8221;]Even though most construction companies have plenty of experience when it comes to building new private residents, it is often small craft businesses who handle work on site. As such, quality can differ. ... Read more","og_url":"https:\/\/jsengc.com\/en\/building-inspection\/","og_site_name":"JS Engineering ApS","article_modified_time":"2022-10-18T11:45:16+00:00","twitter_card":"summary_large_image","twitter_misc":{"Est. reading time":"3 minutes"},"schema":{"@context":"https:\/\/schema.org","@graph":[{"@type":"WebPage","@id":"https:\/\/jsengc.com\/en\/building-inspection\/","url":"https:\/\/jsengc.com\/en\/building-inspection\/","name":"Building inspection &middot; JS Engineering ApS","isPartOf":{"@id":"https:\/\/jsengc.com\/#website"},"datePublished":"2022-08-11T06:42:28+00:00","dateModified":"2022-10-18T11:45:16+00:00","breadcrumb":{"@id":"https:\/\/jsengc.com\/en\/building-inspection\/#breadcrumb"},"inLanguage":"en-US","potentialAction":[{"@type":"ReadAction","target":["https:\/\/jsengc.com\/en\/building-inspection\/"]}]},{"@type":"BreadcrumbList","@id":"https:\/\/jsengc.com\/en\/building-inspection\/#breadcrumb","itemListElement":[{"@type":"ListItem","position":1,"name":"Hjem","item":"https:\/\/jsengc.com\/en\/"},{"@type":"ListItem","position":2,"name":"Building inspection"}]},{"@type":"WebSite","@id":"https:\/\/jsengc.com\/#website","url":"https:\/\/jsengc.com\/","name":"JS Engineering ApS","description":"Bygger\u00e5dgivning, r\u00e5dgivende ingeni\u00f8rer og statiske beregninger","publisher":{"@id":"https:\/\/jsengc.com\/#organization"},"potentialAction":[{"@type":"SearchAction","target":{"@type":"EntryPoint","urlTemplate":"https:\/\/jsengc.com\/?s={search_term_string}"},"query-input":"required name=search_term_string"}],"inLanguage":"en-US"},{"@type":"Organization","@id":"https:\/\/jsengc.com\/#organization","name":"JS Engineering ApS","url":"https:\/\/jsengc.com\/","logo":{"@type":"ImageObject","inLanguage":"en-US","@id":"https:\/\/jsengc.com\/#\/schema\/logo\/image\/","url":"https:\/\/jsengc.com\/wp-content\/uploads\/2020\/11\/logo-fb-profil-bla-inverted-removebg-preview.png","contentUrl":"https:\/\/jsengc.com\/wp-content\/uploads\/2020\/11\/logo-fb-profil-bla-inverted-removebg-preview.png","width":171,"height":171,"caption":"JS Engineering ApS"},"image":{"@id":"https:\/\/jsengc.com\/#\/schema\/logo\/image\/"}}]}},"_links":{"self":[{"href":"https:\/\/jsengc.com\/en\/wp-json\/wp\/v2\/pages\/3707","targetHints":{"allow":["GET"]}}],"collection":[{"href":"https:\/\/jsengc.com\/en\/wp-json\/wp\/v2\/pages"}],"about":[{"href":"https:\/\/jsengc.com\/en\/wp-json\/wp\/v2\/types\/page"}],"author":[{"embeddable":true,"href":"https:\/\/jsengc.com\/en\/wp-json\/wp\/v2\/users\/1"}],"replies":[{"embeddable":true,"href":"https:\/\/jsengc.com\/en\/wp-json\/wp\/v2\/comments?post=3707"}],"version-history":[{"count":5,"href":"https:\/\/jsengc.com\/en\/wp-json\/wp\/v2\/pages\/3707\/revisions"}],"predecessor-version":[{"id":3712,"href":"https:\/\/jsengc.com\/en\/wp-json\/wp\/v2\/pages\/3707\/revisions\/3712"}],"wp:attachment":[{"href":"https:\/\/jsengc.com\/en\/wp-json\/wp\/v2\/media?parent=3707"}],"wp:term":[{"taxonomy":"category","embeddable":true,"href":"https:\/\/jsengc.com\/en\/wp-json\/wp\/v2\/categories?post=3707"}],"curies":[{"name":"wp","href":"https:\/\/api.w.org\/{rel}","templated":true}]}}