{"id":3713,"date":"2022-08-11T08:42:28","date_gmt":"2022-08-11T06:42:28","guid":{"rendered":"https:\/\/jsengc.com\/property-developer-consulting\/"},"modified":"2022-10-18T13:52:10","modified_gmt":"2022-10-18T11:52:10","slug":"property-developer-consulting","status":"publish","type":"page","link":"https:\/\/jsengc.com\/en\/property-developer-consulting\/","title":{"rendered":"Property developer consulting"},"content":{"rendered":"<section class=\"wpb-content-wrapper\"><p>[vc_row full_width=&#8221;stretch_row&#8221;][vc_column]<div class=\"ult-spacer spacer-69ea4f244cdd7\" data-id=\"69ea4f244cdd7\" data-height=\"90\" data-height-mobile=\"60\" data-height-tab=\"90\" data-height-tab-portrait=\"60\" data-height-mobile-landscape=\"60\" style=\"clear:both;display:block;\"><\/div>[vc_column_text css_animation=&#8221;fadeIn&#8221;]<\/p>\n<h2 style=\"text-align: center;\">As property developer consultants, we look after your interests and ensure that the project proceeds as planned with the quality agreed within the right economy and time<\/h2>\n<p>[\/vc_column_text][vc_empty_space height=&#8221;60px&#8221;][vc_row_inner][vc_column_inner offset=&#8221;vc_col-lg-8 vc_col-md-8 vc_col-xs-12&#8243;][vc_column_text css_animation=&#8221;fadeIn&#8221;]As consultants, we look after all phases of the project, from idea to procurement and completion. During all phases, we consult and guide you through difficult choices so you can make decisions based on a solid foundation.<\/p>\n<p>We ensure that project design, making procurement materials, contracts, and completion go as planned so you can feel safe with us as property developer consultants. We are happy to accept coordination responsibility during the entire project through an open and close dialogue with you.[\/vc_column_text]<div class=\"ult-spacer spacer-69ea4f244ce2c\" data-id=\"69ea4f244ce2c\" data-height=\"0\" data-height-mobile=\"30\" data-height-tab=\"0\" data-height-tab-portrait=\"30\" data-height-mobile-landscape=\"30\" style=\"clear:both;display:block;\"><\/div>[\/vc_column_inner][vc_column_inner offset=&#8221;vc_col-lg-4 vc_col-md-4 vc_col-xs-12&#8243;][vc_single_image image=&#8221;3377&#8243; img_size=&#8221;Full&#8221;][\/vc_column_inner][\/vc_row_inner]<div class=\"ult-spacer spacer-69ea4f244ce5f\" data-id=\"69ea4f244ce5f\" data-height=\"90\" data-height-mobile=\"60\" data-height-tab=\"90\" data-height-tab-portrait=\"60\" data-height-mobile-landscape=\"60\" style=\"clear:both;display:block;\"><\/div>[\/vc_column][\/vc_row]<\/p>\n<\/section>","protected":false},"excerpt":{"rendered":"<p>[vc_row full_width=&#8221;stretch_row&#8221;][vc_column][vc_column_text css_animation=&#8221;fadeIn&#8221;] As property developer consultants, we look after your interests and ensure that the project proceeds as planned with the quality agreed within the right economy and time [\/vc_column_text][vc_empty_space height=&#8221;60px&#8221;][vc_row_inner][vc_column_inner offset=&#8221;vc_col-lg-8 vc_col-md-8 vc_col-xs-12&#8243;][vc_column_text css_animation=&#8221;fadeIn&#8221;]As consultants, we look after all phases of the project, from idea to procurement and completion. During all phases, we &#8230; <a title=\"Property developer consulting\" class=\"read-more\" href=\"https:\/\/jsengc.com\/en\/property-developer-consulting\/\" aria-label=\"More on Property developer consulting\">Read more<\/a><\/p>\n","protected":false},"author":1,"featured_media":0,"parent":0,"menu_order":3,"comment_status":"closed","ping_status":"closed","template":"","meta":{"footnotes":""},"categories":[26],"class_list":{"0":"post-3713","1":"page","2":"type-page","3":"status-publish","5":"category-services"},"acf":[],"yoast_head":"<!-- This site is optimized with the Yoast SEO plugin v20.10 - https:\/\/yoast.com\/wordpress\/plugins\/seo\/ -->\n<title>Property developer consulting &middot; JS Engineering ApS<\/title>\n<meta name=\"robots\" content=\"index, follow, max-snippet:-1, max-image-preview:large, max-video-preview:-1\" \/>\n<link rel=\"canonical\" href=\"https:\/\/jsengc.com\/en\/property-developer-consulting\/\" \/>\n<meta property=\"og:locale\" content=\"en_US\" \/>\n<meta property=\"og:type\" content=\"article\" \/>\n<meta property=\"og:title\" content=\"Property developer consulting &middot; JS Engineering ApS\" \/>\n<meta property=\"og:description\" content=\"[vc_row full_width=&#8221;stretch_row&#8221;][vc_column][vc_column_text css_animation=&#8221;fadeIn&#8221;] As property developer consultants, we look after your interests and ensure that the project proceeds as planned with the quality agreed within the right economy and time [\/vc_column_text][vc_empty_space height=&#8221;60px&#8221;][vc_row_inner][vc_column_inner offset=&#8221;vc_col-lg-8 vc_col-md-8 vc_col-xs-12&#8243;][vc_column_text css_animation=&#8221;fadeIn&#8221;]As consultants, we look after all phases of the project, from idea to procurement and completion. During all phases, we ... Read more\" \/>\n<meta property=\"og:url\" content=\"https:\/\/jsengc.com\/en\/property-developer-consulting\/\" \/>\n<meta property=\"og:site_name\" content=\"JS Engineering ApS\" \/>\n<meta property=\"article:modified_time\" content=\"2022-10-18T11:52:10+00:00\" \/>\n<meta name=\"twitter:card\" content=\"summary_large_image\" \/>\n<meta name=\"twitter:label1\" content=\"Est. reading time\" \/>\n\t<meta name=\"twitter:data1\" content=\"1 minute\" \/>\n<script type=\"application\/ld+json\" class=\"yoast-schema-graph\">{\"@context\":\"https:\/\/schema.org\",\"@graph\":[{\"@type\":\"WebPage\",\"@id\":\"https:\/\/jsengc.com\/en\/property-developer-consulting\/\",\"url\":\"https:\/\/jsengc.com\/en\/property-developer-consulting\/\",\"name\":\"Property developer consulting &middot; JS Engineering ApS\",\"isPartOf\":{\"@id\":\"https:\/\/jsengc.com\/#website\"},\"datePublished\":\"2022-08-11T06:42:28+00:00\",\"dateModified\":\"2022-10-18T11:52:10+00:00\",\"breadcrumb\":{\"@id\":\"https:\/\/jsengc.com\/en\/property-developer-consulting\/#breadcrumb\"},\"inLanguage\":\"en-US\",\"potentialAction\":[{\"@type\":\"ReadAction\",\"target\":[\"https:\/\/jsengc.com\/en\/property-developer-consulting\/\"]}]},{\"@type\":\"BreadcrumbList\",\"@id\":\"https:\/\/jsengc.com\/en\/property-developer-consulting\/#breadcrumb\",\"itemListElement\":[{\"@type\":\"ListItem\",\"position\":1,\"name\":\"Hjem\",\"item\":\"https:\/\/jsengc.com\/en\/\"},{\"@type\":\"ListItem\",\"position\":2,\"name\":\"Property developer consulting\"}]},{\"@type\":\"WebSite\",\"@id\":\"https:\/\/jsengc.com\/#website\",\"url\":\"https:\/\/jsengc.com\/\",\"name\":\"JS Engineering ApS\",\"description\":\"Bygger\u00e5dgivning, r\u00e5dgivende ingeni\u00f8rer og statiske beregninger\",\"publisher\":{\"@id\":\"https:\/\/jsengc.com\/#organization\"},\"potentialAction\":[{\"@type\":\"SearchAction\",\"target\":{\"@type\":\"EntryPoint\",\"urlTemplate\":\"https:\/\/jsengc.com\/?s={search_term_string}\"},\"query-input\":\"required name=search_term_string\"}],\"inLanguage\":\"en-US\"},{\"@type\":\"Organization\",\"@id\":\"https:\/\/jsengc.com\/#organization\",\"name\":\"JS Engineering ApS\",\"url\":\"https:\/\/jsengc.com\/\",\"logo\":{\"@type\":\"ImageObject\",\"inLanguage\":\"en-US\",\"@id\":\"https:\/\/jsengc.com\/#\/schema\/logo\/image\/\",\"url\":\"https:\/\/jsengc.com\/wp-content\/uploads\/2020\/11\/logo-fb-profil-bla-inverted-removebg-preview.png\",\"contentUrl\":\"https:\/\/jsengc.com\/wp-content\/uploads\/2020\/11\/logo-fb-profil-bla-inverted-removebg-preview.png\",\"width\":171,\"height\":171,\"caption\":\"JS Engineering ApS\"},\"image\":{\"@id\":\"https:\/\/jsengc.com\/#\/schema\/logo\/image\/\"}}]}<\/script>\n<!-- \/ Yoast SEO plugin. -->","yoast_head_json":{"title":"Property developer consulting &middot; JS Engineering ApS","robots":{"index":"index","follow":"follow","max-snippet":"max-snippet:-1","max-image-preview":"max-image-preview:large","max-video-preview":"max-video-preview:-1"},"canonical":"https:\/\/jsengc.com\/en\/property-developer-consulting\/","og_locale":"en_US","og_type":"article","og_title":"Property developer consulting &middot; JS Engineering ApS","og_description":"[vc_row full_width=&#8221;stretch_row&#8221;][vc_column][vc_column_text css_animation=&#8221;fadeIn&#8221;] As property developer consultants, we look after your interests and ensure that the project proceeds as planned with the quality agreed within the right economy and time [\/vc_column_text][vc_empty_space height=&#8221;60px&#8221;][vc_row_inner][vc_column_inner offset=&#8221;vc_col-lg-8 vc_col-md-8 vc_col-xs-12&#8243;][vc_column_text css_animation=&#8221;fadeIn&#8221;]As consultants, we look after all phases of the project, from idea to procurement and completion. During all phases, we ... Read more","og_url":"https:\/\/jsengc.com\/en\/property-developer-consulting\/","og_site_name":"JS Engineering ApS","article_modified_time":"2022-10-18T11:52:10+00:00","twitter_card":"summary_large_image","twitter_misc":{"Est. reading time":"1 minute"},"schema":{"@context":"https:\/\/schema.org","@graph":[{"@type":"WebPage","@id":"https:\/\/jsengc.com\/en\/property-developer-consulting\/","url":"https:\/\/jsengc.com\/en\/property-developer-consulting\/","name":"Property developer consulting &middot; JS Engineering ApS","isPartOf":{"@id":"https:\/\/jsengc.com\/#website"},"datePublished":"2022-08-11T06:42:28+00:00","dateModified":"2022-10-18T11:52:10+00:00","breadcrumb":{"@id":"https:\/\/jsengc.com\/en\/property-developer-consulting\/#breadcrumb"},"inLanguage":"en-US","potentialAction":[{"@type":"ReadAction","target":["https:\/\/jsengc.com\/en\/property-developer-consulting\/"]}]},{"@type":"BreadcrumbList","@id":"https:\/\/jsengc.com\/en\/property-developer-consulting\/#breadcrumb","itemListElement":[{"@type":"ListItem","position":1,"name":"Hjem","item":"https:\/\/jsengc.com\/en\/"},{"@type":"ListItem","position":2,"name":"Property developer consulting"}]},{"@type":"WebSite","@id":"https:\/\/jsengc.com\/#website","url":"https:\/\/jsengc.com\/","name":"JS Engineering ApS","description":"Bygger\u00e5dgivning, r\u00e5dgivende ingeni\u00f8rer og statiske beregninger","publisher":{"@id":"https:\/\/jsengc.com\/#organization"},"potentialAction":[{"@type":"SearchAction","target":{"@type":"EntryPoint","urlTemplate":"https:\/\/jsengc.com\/?s={search_term_string}"},"query-input":"required name=search_term_string"}],"inLanguage":"en-US"},{"@type":"Organization","@id":"https:\/\/jsengc.com\/#organization","name":"JS Engineering ApS","url":"https:\/\/jsengc.com\/","logo":{"@type":"ImageObject","inLanguage":"en-US","@id":"https:\/\/jsengc.com\/#\/schema\/logo\/image\/","url":"https:\/\/jsengc.com\/wp-content\/uploads\/2020\/11\/logo-fb-profil-bla-inverted-removebg-preview.png","contentUrl":"https:\/\/jsengc.com\/wp-content\/uploads\/2020\/11\/logo-fb-profil-bla-inverted-removebg-preview.png","width":171,"height":171,"caption":"JS Engineering ApS"},"image":{"@id":"https:\/\/jsengc.com\/#\/schema\/logo\/image\/"}}]}},"_links":{"self":[{"href":"https:\/\/jsengc.com\/en\/wp-json\/wp\/v2\/pages\/3713","targetHints":{"allow":["GET"]}}],"collection":[{"href":"https:\/\/jsengc.com\/en\/wp-json\/wp\/v2\/pages"}],"about":[{"href":"https:\/\/jsengc.com\/en\/wp-json\/wp\/v2\/types\/page"}],"author":[{"embeddable":true,"href":"https:\/\/jsengc.com\/en\/wp-json\/wp\/v2\/users\/1"}],"replies":[{"embeddable":true,"href":"https:\/\/jsengc.com\/en\/wp-json\/wp\/v2\/comments?post=3713"}],"version-history":[{"count":2,"href":"https:\/\/jsengc.com\/en\/wp-json\/wp\/v2\/pages\/3713\/revisions"}],"predecessor-version":[{"id":3715,"href":"https:\/\/jsengc.com\/en\/wp-json\/wp\/v2\/pages\/3713\/revisions\/3715"}],"wp:attachment":[{"href":"https:\/\/jsengc.com\/en\/wp-json\/wp\/v2\/media?parent=3713"}],"wp:term":[{"taxonomy":"category","embeddable":true,"href":"https:\/\/jsengc.com\/en\/wp-json\/wp\/v2\/categories?post=3713"}],"curies":[{"name":"wp","href":"https:\/\/api.w.org\/{rel}","templated":true}]}}