{"id":3716,"date":"2022-08-11T08:42:28","date_gmt":"2022-08-11T06:42:28","guid":{"rendered":"https:\/\/jsengc.com\/building-application\/"},"modified":"2022-10-18T13:54:46","modified_gmt":"2022-10-18T11:54:46","slug":"building-application","status":"publish","type":"page","link":"https:\/\/jsengc.com\/en\/building-application\/","title":{"rendered":"Building application"},"content":{"rendered":"<section class=\"wpb-content-wrapper\"><p>[vc_row full_width=&#8221;stretch_row&#8221;][vc_column]<div class=\"ult-spacer spacer-69ea224574ab1\" data-id=\"69ea224574ab1\" data-height=\"90\" data-height-mobile=\"60\" data-height-tab=\"90\" data-height-tab-portrait=\"60\" data-height-mobile-landscape=\"60\" style=\"clear:both;display:block;\"><\/div>[vc_column_text css_animation=&#8221;fadeIn&#8221;]<\/p>\n<h2 style=\"text-align: center;\">JS Engineering is specialized in gathering building permits for new buildings or extensions<\/h2>\n<p>[\/vc_column_text][vc_empty_space height=&#8221;60px&#8221;][vc_row_inner][vc_column_inner offset=&#8221;vc_col-lg-8 vc_col-md-8 vc_col-xs-12&#8243;][vc_column_text css_animation=&#8221;fadeIn&#8221;]Are you about to build a new building or an extension to an existing building, then you need a permit from the authorities. A building permit is a must before a construction project can be initiated, and it is required for all types of new construction or extensions. You always need to apply for a building permit when a modernization or reconstruction means an expansion of the residential property on your ground. For instance, when adding a new dormer to your roof floor.<\/p>\n<p>JS Engineering can help you apply for building permits in terms of filling out and submitting necessary documents and descriptions as well as handling all dialogue with authorities on your behalf. At JS Engineering, we possess deep insight when it comes to newest standards and legislations concerning building applications, and we can ensure that the application you submit meets the applied standards and is approved the first time. . This can save you both time and money and ensure a smooth process.[\/vc_column_text]<div class=\"ult-spacer spacer-69ea224574aff\" data-id=\"69ea224574aff\" data-height=\"0\" data-height-mobile=\"30\" data-height-tab=\"0\" data-height-tab-portrait=\"30\" data-height-mobile-landscape=\"30\" style=\"clear:both;display:block;\"><\/div>[\/vc_column_inner][vc_column_inner offset=&#8221;vc_col-lg-4 vc_col-md-4 vc_col-xs-12&#8243;][vc_single_image image=&#8221;3376&#8243; img_size=&#8221;Full&#8221;][vc_empty_space height=&#8221;15px&#8221;][vc_media_grid element_width=&#8221;6&#8243; gap=&#8221;15&#8243; grid_id=&#8221;vc_gid:1661764806680-184bff89-2587-9&#8243; include=&#8221;3379,3377&#8243;][\/vc_column_inner][\/vc_row_inner]<div class=\"ult-spacer spacer-69ea224574b28\" data-id=\"69ea224574b28\" data-height=\"90\" data-height-mobile=\"60\" data-height-tab=\"90\" data-height-tab-portrait=\"60\" data-height-mobile-landscape=\"60\" style=\"clear:both;display:block;\"><\/div>[\/vc_column][\/vc_row][vc_row full_width=&#8221;stretch_row&#8221; css=&#8221;.vc_custom_1660209062821{background-color: #f9f9f9 !important;}&#8221;][vc_column]<div class=\"ult-spacer spacer-69ea224574b4b\" data-id=\"69ea224574b4b\" data-height=\"90\" data-height-mobile=\"60\" data-height-tab=\"90\" data-height-tab-portrait=\"60\" data-height-mobile-landscape=\"60\" style=\"clear:both;display:block;\"><\/div>[vc_row_inner equal_height=&#8221;yes&#8221; css=&#8221;.vc_custom_1610367712581{margin-right: 0px !important;margin-left: 0px !important;}&#8221;][vc_column_inner el_class=&#8221;small-stretch&#8221; css=&#8221;.vc_custom_1621160918422{background-color: #ffffff !important;}&#8221; offset=&#8221;vc_col-lg-6 vc_col-md-6 vc_col-xs-12&#8243;][vc_column_text css_animation=&#8221;fadeIn&#8221;]<\/p>\n<h3>These types of construction projects usually require a building permit:<\/h3>\n<ul>\n<li>New construction or extensions<\/li>\n<li>Building new dormer<\/li>\n<li>Building a loft bigger than 4,5 m2<\/li>\n<li>Building secondary construction (garage, shed, greenhouse) with a total area of more than 50 m<\/li>\n<\/ul>\n<p>[\/vc_column_text][\/vc_column_inner][vc_column_inner css=&#8221;.vc_custom_1660212888701{background-image: url(https:\/\/jsengc.com\/wp-content\/uploads\/2022\/08\/istock-184313358-min.jpg?id=3375) !important;background-position: center !important;background-repeat: no-repeat !important;background-size: cover !important;}&#8221; offset=&#8221;vc_col-lg-6 vc_col-md-6 vc_col-xs-12&#8243;][\/vc_column_inner][\/vc_row_inner]<div class=\"ult-spacer spacer-69ea224574b6b\" data-id=\"69ea224574b6b\" data-height=\"90\" data-height-mobile=\"60\" data-height-tab=\"90\" data-height-tab-portrait=\"60\" data-height-mobile-landscape=\"60\" style=\"clear:both;display:block;\"><\/div>[\/vc_column][\/vc_row]<\/p>\n<\/section>","protected":false},"excerpt":{"rendered":"<p>[vc_row full_width=&#8221;stretch_row&#8221;][vc_column][vc_column_text css_animation=&#8221;fadeIn&#8221;] JS Engineering is specialized in gathering building permits for new buildings or extensions [\/vc_column_text][vc_empty_space height=&#8221;60px&#8221;][vc_row_inner][vc_column_inner offset=&#8221;vc_col-lg-8 vc_col-md-8 vc_col-xs-12&#8243;][vc_column_text css_animation=&#8221;fadeIn&#8221;]Are you about to build a new building or an extension to an existing building, then you need a permit from the authorities. A building permit is a must before a construction project can &#8230; <a title=\"Building application\" class=\"read-more\" href=\"https:\/\/jsengc.com\/en\/building-application\/\" aria-label=\"More on Building application\">Read more<\/a><\/p>\n","protected":false},"author":1,"featured_media":0,"parent":0,"menu_order":4,"comment_status":"closed","ping_status":"closed","template":"","meta":{"footnotes":""},"categories":[26],"class_list":{"0":"post-3716","1":"page","2":"type-page","3":"status-publish","5":"category-services"},"acf":[],"yoast_head":"<!-- This site is optimized with the Yoast SEO plugin v20.10 - https:\/\/yoast.com\/wordpress\/plugins\/seo\/ -->\n<title>Building application &middot; JS Engineering ApS<\/title>\n<meta name=\"robots\" content=\"index, follow, max-snippet:-1, max-image-preview:large, max-video-preview:-1\" \/>\n<link rel=\"canonical\" href=\"https:\/\/jsengc.com\/en\/building-application\/\" \/>\n<meta property=\"og:locale\" content=\"en_US\" \/>\n<meta property=\"og:type\" content=\"article\" \/>\n<meta property=\"og:title\" content=\"Building application &middot; JS Engineering ApS\" \/>\n<meta property=\"og:description\" content=\"[vc_row full_width=&#8221;stretch_row&#8221;][vc_column][vc_column_text css_animation=&#8221;fadeIn&#8221;] JS Engineering is specialized in gathering building permits for new buildings or extensions [\/vc_column_text][vc_empty_space height=&#8221;60px&#8221;][vc_row_inner][vc_column_inner offset=&#8221;vc_col-lg-8 vc_col-md-8 vc_col-xs-12&#8243;][vc_column_text css_animation=&#8221;fadeIn&#8221;]Are you about to build a new building or an extension to an existing building, then you need a permit from the authorities. A building permit is a must before a construction project can ... Read more\" \/>\n<meta property=\"og:url\" content=\"https:\/\/jsengc.com\/en\/building-application\/\" \/>\n<meta property=\"og:site_name\" content=\"JS Engineering ApS\" \/>\n<meta property=\"article:modified_time\" content=\"2022-10-18T11:54:46+00:00\" \/>\n<meta name=\"twitter:card\" content=\"summary_large_image\" \/>\n<meta name=\"twitter:label1\" content=\"Est. reading time\" \/>\n\t<meta name=\"twitter:data1\" content=\"2 minutes\" \/>\n<script type=\"application\/ld+json\" class=\"yoast-schema-graph\">{\"@context\":\"https:\/\/schema.org\",\"@graph\":[{\"@type\":\"WebPage\",\"@id\":\"https:\/\/jsengc.com\/en\/building-application\/\",\"url\":\"https:\/\/jsengc.com\/en\/building-application\/\",\"name\":\"Building application &middot; JS Engineering ApS\",\"isPartOf\":{\"@id\":\"https:\/\/jsengc.com\/#website\"},\"datePublished\":\"2022-08-11T06:42:28+00:00\",\"dateModified\":\"2022-10-18T11:54:46+00:00\",\"breadcrumb\":{\"@id\":\"https:\/\/jsengc.com\/en\/building-application\/#breadcrumb\"},\"inLanguage\":\"en-US\",\"potentialAction\":[{\"@type\":\"ReadAction\",\"target\":[\"https:\/\/jsengc.com\/en\/building-application\/\"]}]},{\"@type\":\"BreadcrumbList\",\"@id\":\"https:\/\/jsengc.com\/en\/building-application\/#breadcrumb\",\"itemListElement\":[{\"@type\":\"ListItem\",\"position\":1,\"name\":\"Hjem\",\"item\":\"https:\/\/jsengc.com\/en\/\"},{\"@type\":\"ListItem\",\"position\":2,\"name\":\"Building application\"}]},{\"@type\":\"WebSite\",\"@id\":\"https:\/\/jsengc.com\/#website\",\"url\":\"https:\/\/jsengc.com\/\",\"name\":\"JS Engineering ApS\",\"description\":\"Bygger\u00e5dgivning, r\u00e5dgivende ingeni\u00f8rer og statiske beregninger\",\"publisher\":{\"@id\":\"https:\/\/jsengc.com\/#organization\"},\"potentialAction\":[{\"@type\":\"SearchAction\",\"target\":{\"@type\":\"EntryPoint\",\"urlTemplate\":\"https:\/\/jsengc.com\/?s={search_term_string}\"},\"query-input\":\"required name=search_term_string\"}],\"inLanguage\":\"en-US\"},{\"@type\":\"Organization\",\"@id\":\"https:\/\/jsengc.com\/#organization\",\"name\":\"JS Engineering ApS\",\"url\":\"https:\/\/jsengc.com\/\",\"logo\":{\"@type\":\"ImageObject\",\"inLanguage\":\"en-US\",\"@id\":\"https:\/\/jsengc.com\/#\/schema\/logo\/image\/\",\"url\":\"https:\/\/jsengc.com\/wp-content\/uploads\/2020\/11\/logo-fb-profil-bla-inverted-removebg-preview.png\",\"contentUrl\":\"https:\/\/jsengc.com\/wp-content\/uploads\/2020\/11\/logo-fb-profil-bla-inverted-removebg-preview.png\",\"width\":171,\"height\":171,\"caption\":\"JS Engineering ApS\"},\"image\":{\"@id\":\"https:\/\/jsengc.com\/#\/schema\/logo\/image\/\"}}]}<\/script>\n<!-- \/ Yoast SEO plugin. -->","yoast_head_json":{"title":"Building application &middot; JS Engineering ApS","robots":{"index":"index","follow":"follow","max-snippet":"max-snippet:-1","max-image-preview":"max-image-preview:large","max-video-preview":"max-video-preview:-1"},"canonical":"https:\/\/jsengc.com\/en\/building-application\/","og_locale":"en_US","og_type":"article","og_title":"Building application &middot; JS Engineering ApS","og_description":"[vc_row full_width=&#8221;stretch_row&#8221;][vc_column][vc_column_text css_animation=&#8221;fadeIn&#8221;] JS Engineering is specialized in gathering building permits for new buildings or extensions [\/vc_column_text][vc_empty_space height=&#8221;60px&#8221;][vc_row_inner][vc_column_inner offset=&#8221;vc_col-lg-8 vc_col-md-8 vc_col-xs-12&#8243;][vc_column_text css_animation=&#8221;fadeIn&#8221;]Are you about to build a new building or an extension to an existing building, then you need a permit from the authorities. A building permit is a must before a construction project can ... Read more","og_url":"https:\/\/jsengc.com\/en\/building-application\/","og_site_name":"JS Engineering ApS","article_modified_time":"2022-10-18T11:54:46+00:00","twitter_card":"summary_large_image","twitter_misc":{"Est. reading time":"2 minutes"},"schema":{"@context":"https:\/\/schema.org","@graph":[{"@type":"WebPage","@id":"https:\/\/jsengc.com\/en\/building-application\/","url":"https:\/\/jsengc.com\/en\/building-application\/","name":"Building application &middot; JS Engineering ApS","isPartOf":{"@id":"https:\/\/jsengc.com\/#website"},"datePublished":"2022-08-11T06:42:28+00:00","dateModified":"2022-10-18T11:54:46+00:00","breadcrumb":{"@id":"https:\/\/jsengc.com\/en\/building-application\/#breadcrumb"},"inLanguage":"en-US","potentialAction":[{"@type":"ReadAction","target":["https:\/\/jsengc.com\/en\/building-application\/"]}]},{"@type":"BreadcrumbList","@id":"https:\/\/jsengc.com\/en\/building-application\/#breadcrumb","itemListElement":[{"@type":"ListItem","position":1,"name":"Hjem","item":"https:\/\/jsengc.com\/en\/"},{"@type":"ListItem","position":2,"name":"Building application"}]},{"@type":"WebSite","@id":"https:\/\/jsengc.com\/#website","url":"https:\/\/jsengc.com\/","name":"JS Engineering ApS","description":"Bygger\u00e5dgivning, r\u00e5dgivende ingeni\u00f8rer og statiske beregninger","publisher":{"@id":"https:\/\/jsengc.com\/#organization"},"potentialAction":[{"@type":"SearchAction","target":{"@type":"EntryPoint","urlTemplate":"https:\/\/jsengc.com\/?s={search_term_string}"},"query-input":"required name=search_term_string"}],"inLanguage":"en-US"},{"@type":"Organization","@id":"https:\/\/jsengc.com\/#organization","name":"JS Engineering ApS","url":"https:\/\/jsengc.com\/","logo":{"@type":"ImageObject","inLanguage":"en-US","@id":"https:\/\/jsengc.com\/#\/schema\/logo\/image\/","url":"https:\/\/jsengc.com\/wp-content\/uploads\/2020\/11\/logo-fb-profil-bla-inverted-removebg-preview.png","contentUrl":"https:\/\/jsengc.com\/wp-content\/uploads\/2020\/11\/logo-fb-profil-bla-inverted-removebg-preview.png","width":171,"height":171,"caption":"JS Engineering ApS"},"image":{"@id":"https:\/\/jsengc.com\/#\/schema\/logo\/image\/"}}]}},"_links":{"self":[{"href":"https:\/\/jsengc.com\/en\/wp-json\/wp\/v2\/pages\/3716","targetHints":{"allow":["GET"]}}],"collection":[{"href":"https:\/\/jsengc.com\/en\/wp-json\/wp\/v2\/pages"}],"about":[{"href":"https:\/\/jsengc.com\/en\/wp-json\/wp\/v2\/types\/page"}],"author":[{"embeddable":true,"href":"https:\/\/jsengc.com\/en\/wp-json\/wp\/v2\/users\/1"}],"replies":[{"embeddable":true,"href":"https:\/\/jsengc.com\/en\/wp-json\/wp\/v2\/comments?post=3716"}],"version-history":[{"count":5,"href":"https:\/\/jsengc.com\/en\/wp-json\/wp\/v2\/pages\/3716\/revisions"}],"predecessor-version":[{"id":3721,"href":"https:\/\/jsengc.com\/en\/wp-json\/wp\/v2\/pages\/3716\/revisions\/3721"}],"wp:attachment":[{"href":"https:\/\/jsengc.com\/en\/wp-json\/wp\/v2\/media?parent=3716"}],"wp:term":[{"taxonomy":"category","embeddable":true,"href":"https:\/\/jsengc.com\/en\/wp-json\/wp\/v2\/categories?post=3716"}],"curies":[{"name":"wp","href":"https:\/\/api.w.org\/{rel}","templated":true}]}}